{"id":485,"date":"2017-02-08T18:37:16","date_gmt":"2017-02-08T16:37:16","guid":{"rendered":"http:\/\/www.kellergalerie.at\/?page_id=485"},"modified":"2019-10-01T11:00:37","modified_gmt":"2019-10-01T09:00:37","slug":"contact","status":"publish","type":"page","link":"http:\/\/www.kellergalerie.at\/?page_id=485","title":{"rendered":"Kontakt"},"content":{"rendered":"<div><b>Kellergalerie art.ig <\/b><\/div>\n<div><\/div>\n<div>Hainburger Str. 44\/3<\/div>\n<div><\/div>\n<div>1030 Wien<\/div>\n<div><\/div>\n<div>U3 Kardinal-Nagl Platz<\/div>\n<div class=\"gmail_default\" style=\"font-family: tahoma,sans-serif; text-align: center;\"><\/div>\n<div class=\"gmail_default\" style=\"font-family: tahoma,sans-serif; text-align: left;\">0676 3353743 | 0699 19095177<\/div>\n<div class=\"gmail_default\" style=\"font-family: tahoma,sans-serif; text-align: left;\"><\/div>\n<p>verein (at) kellergalerie.at<\/p>\n<div><\/div>\n<p>Unsere \u00d6ffnungszeiten bitte unter der Ausstellungsank\u00fcndigung und im Schaufenster nachsehen.<br \/>\nWenn Licht brennt sowie nach telefonischer Vereinbarung haben wir immer ge\u00f6ffnet.<\/p>\n<p>&nbsp;<\/p>\n","protected":false},"excerpt":{"rendered":"<p>Kellergalerie art.ig Hainburger Str. 44\/3 1030 Wien U3 Kardinal-Nagl Platz 0676 3353743 | 0699 19095177 verein (at) kellergalerie.at Unsere \u00d6ffnungszeiten bitte unter der Ausstellungsank\u00fcndigung und im Schaufenster nachsehen. Wenn Licht brennt sowie nach telefonischer Vereinbarung haben wir immer ge\u00f6ffnet. &nbsp;<\/p>\n","protected":false},"author":1,"featured_media":0,"parent":0,"menu_order":0,"comment_status":"closed","ping_status":"closed","template":"","meta":{"footnotes":""},"_links":{"self":[{"href":"http:\/\/www.kellergalerie.at\/index.php?rest_route=\/wp\/v2\/pages\/485"}],"collection":[{"href":"http:\/\/www.kellergalerie.at\/index.php?rest_route=\/wp\/v2\/pages"}],"about":[{"href":"http:\/\/www.kellergalerie.at\/index.php?rest_route=\/wp\/v2\/types\/page"}],"author":[{"embeddable":true,"href":"http:\/\/www.kellergalerie.at\/index.php?rest_route=\/wp\/v2\/users\/1"}],"replies":[{"embeddable":true,"href":"http:\/\/www.kellergalerie.at\/index.php?rest_route=%2Fwp%2Fv2%2Fcomments&post=485"}],"version-history":[{"count":6,"href":"http:\/\/www.kellergalerie.at\/index.php?rest_route=\/wp\/v2\/pages\/485\/revisions"}],"predecessor-version":[{"id":622,"href":"http:\/\/www.kellergalerie.at\/index.php?rest_route=\/wp\/v2\/pages\/485\/revisions\/622"}],"wp:attachment":[{"href":"http:\/\/www.kellergalerie.at\/index.php?rest_route=%2Fwp%2Fv2%2Fmedia&parent=485"}],"curies":[{"name":"wp","href":"https:\/\/api.w.org\/{rel}","templated":true}]}}